{"id":2743,"date":"2023-09-26T06:37:28","date_gmt":"2023-09-26T06:37:28","guid":{"rendered":"https:\/\/beautybar.lv\/%d1%81%d0%b2%d1%8f%d0%b6%d0%b8%d1%82%d0%b5%d1%81%d1%8c-%d1%81-%d0%bd%d0%b0%d0%bc%d0%b8\/"},"modified":"2023-11-18T20:49:31","modified_gmt":"2023-11-18T20:49:31","slug":"%d1%81%d0%b2%d1%8f%d0%b6%d0%b8%d1%82%d0%b5%d1%81%d1%8c-%d1%81-%d0%bd%d0%b0%d0%bc%d0%b8","status":"publish","type":"page","link":"https:\/\/beautybar.lv\/ru\/%d1%81%d0%b2%d1%8f%d0%b6%d0%b8%d1%82%d0%b5%d1%81%d1%8c-%d1%81-%d0%bd%d0%b0%d0%bc%d0%b8\/","title":{"rendered":"\u0421\u0432\u044f\u0436\u0438\u0442\u0435\u0441\u044c \u0441 \u043d\u0430\u043c\u0438"},"content":{"rendered":"\t\t<div data-elementor-type=\"wp-page\" data-elementor-id=\"2743\" class=\"elementor elementor-2743 elementor-39\">\n\t\t\t\t\t\t<section class=\"elementor-section elementor-top-section elementor-element elementor-element-f1d8bc5 elementor-section-boxed elementor-section-height-default elementor-section-height-default\" data-id=\"f1d8bc5\" data-element_type=\"section\" data-settings=\"{&quot;wdt_bg_image&quot;:{&quot;url&quot;:&quot;&quot;,&quot;id&quot;:&quot;&quot;,&quot;size&quot;:&quot;&quot;},&quot;wdt_bg_image_laptop&quot;:{&quot;url&quot;:&quot;&quot;,&quot;id&quot;:&quot;&quot;,&quot;size&quot;:&quot;&quot;},&quot;wdt_bg_image_tablet_extra&quot;:{&quot;url&quot;:&quot;&quot;,&quot;id&quot;:&quot;&quot;,&quot;size&quot;:&quot;&quot;},&quot;wdt_bg_image_tablet&quot;:{&quot;url&quot;:&quot;&quot;,&quot;id&quot;:&quot;&quot;,&quot;size&quot;:&quot;&quot;},&quot;wdt_bg_image_mobile_extra&quot;:{&quot;url&quot;:&quot;&quot;,&quot;id&quot;:&quot;&quot;,&quot;size&quot;:&quot;&quot;},&quot;wdt_bg_image_mobile&quot;:{&quot;url&quot;:&quot;&quot;,&quot;id&quot;:&quot;&quot;,&quot;size&quot;:&quot;&quot;},&quot;wdt_bg_position&quot;:&quot;center center&quot;,&quot;wdt_animation_effect&quot;:&quot;none&quot;}\">\n\t\t\t\t\t\t<div class=\"elementor-container elementor-column-gap-no\">\n\t\t\t\t\t<div class=\"elementor-column elementor-col-100 elementor-top-column elementor-element elementor-element-3b6fa76\" data-id=\"3b6fa76\" data-element_type=\"column\">\n\t\t\t<div class=\"elementor-widget-wrap elementor-element-populated\">\n\t\t\t\t\t\t<div class=\"elementor-element elementor-element-946d041 wdt-custom-map-style elementor-align-left elementor-invisible elementor-widget elementor-widget-wdt-google-map\" data-id=\"946d041\" data-element_type=\"widget\" data-settings=\"{&quot;_animation&quot;:&quot;fadeIn&quot;,&quot;wdt_animation_effect&quot;:&quot;none&quot;}\" data-widget_type=\"wdt-google-map.default\">\n\t\t\t\t<div class=\"elementor-widget-container\">\n\t\t\t\t\t<div id=\"wdt-google-map-946d041\" class=\"wdt-google-map-wrapper\"><div class=\"wdt-google-map\" data-options=\"{&quot;mapTypeId&quot;:&quot;terrain&quot;,&quot;zoom&quot;:11,&quot;streetViewControl&quot;:true,&quot;mapTypeControl&quot;:true,&quot;zoomControl&quot;:true,&quot;fullscreenControl&quot;:true,&quot;scaleControl&quot;:true,&quot;rotateControl&quot;:true,&quot;scrollwheel&quot;:false,&quot;draggable&quot;:true,&quot;styles&quot;:&quot;[{\\&quot;featureType\\&quot;:\\&quot;administrative\\&quot;,\\&quot;elementType\\&quot;:\\&quot;labels.text.fill\\&quot;,\\&quot;stylers\\&quot;:[{\\&quot;color\\&quot;:\\&quot;#6195a0\\&quot;}]},{\\&quot;featureType\\&quot;:\\&quot;administrative.province\\&quot;,\\&quot;elementType\\&quot;:\\&quot;geometry.stroke\\&quot;,\\&quot;stylers\\&quot;:[{\\&quot;visibility\\&quot;:\\&quot;off\\&quot;}]},{\\&quot;featureType\\&quot;:\\&quot;landscape\\&quot;,\\&quot;elementType\\&quot;:\\&quot;geometry\\&quot;,\\&quot;stylers\\&quot;:[{\\&quot;lightness\\&quot;:\\&quot;0\\&quot;},{\\&quot;saturation\\&quot;:\\&quot;0\\&quot;},{\\&quot;color\\&quot;:\\&quot;#f5f5f2\\&quot;},{\\&quot;gamma\\&quot;:\\&quot;1\\&quot;}]},{\\&quot;featureType\\&quot;:\\&quot;landscape.man_made\\&quot;,\\&quot;elementType\\&quot;:\\&quot;all\\&quot;,\\&quot;stylers\\&quot;:[{\\&quot;lightness\\&quot;:\\&quot;-3\\&quot;},{\\&quot;gamma\\&quot;:\\&quot;1.00\\&quot;}]},{\\&quot;featureType\\&quot;:\\&quot;landscape.natural.terrain\\&quot;,\\&quot;elementType\\&quot;:\\&quot;all\\&quot;,\\&quot;stylers\\&quot;:[{\\&quot;visibility\\&quot;:\\&quot;off\\&quot;}]},{\\&quot;featureType\\&quot;:\\&quot;poi\\&quot;,\\&quot;elementType\\&quot;:\\&quot;all\\&quot;,\\&quot;stylers\\&quot;:[{\\&quot;visibility\\&quot;:\\&quot;off\\&quot;}]},{\\&quot;featureType\\&quot;:\\&quot;poi.park\\&quot;,\\&quot;elementType\\&quot;:\\&quot;geometry.fill\\&quot;,\\&quot;stylers\\&quot;:[{\\&quot;color\\&quot;:\\&quot;#bae5ce\\&quot;},{\\&quot;visibility\\&quot;:\\&quot;on\\&quot;}]},{\\&quot;featureType\\&quot;:\\&quot;road\\&quot;,\\&quot;elementType\\&quot;:\\&quot;all\\&quot;,\\&quot;stylers\\&quot;:[{\\&quot;saturation\\&quot;:-100},{\\&quot;lightness\\&quot;:45},{\\&quot;visibility\\&quot;:\\&quot;simplified\\&quot;}]},{\\&quot;featureType\\&quot;:\\&quot;road.highway\\&quot;,\\&quot;elementType\\&quot;:\\&quot;all\\&quot;,\\&quot;stylers\\&quot;:[{\\&quot;visibility\\&quot;:\\&quot;simplified\\&quot;}]},{\\&quot;featureType\\&quot;:\\&quot;road.highway\\&quot;,\\&quot;elementType\\&quot;:\\&quot;geometry.fill\\&quot;,\\&quot;stylers\\&quot;:[{\\&quot;color\\&quot;:\\&quot;#fac9a9\\&quot;},{\\&quot;visibility\\&quot;:\\&quot;simplified\\&quot;}]},{\\&quot;featureType\\&quot;:\\&quot;road.highway\\&quot;,\\&quot;elementType\\&quot;:\\&quot;labels.text\\&quot;,\\&quot;stylers\\&quot;:[{\\&quot;color\\&quot;:\\&quot;#4e4e4e\\&quot;}]},{\\&quot;featureType\\&quot;:\\&quot;road.arterial\\&quot;,\\&quot;elementType\\&quot;:\\&quot;labels.text.fill\\&quot;,\\&quot;stylers\\&quot;:[{\\&quot;color\\&quot;:\\&quot;#787878\\&quot;}]},{\\&quot;featureType\\&quot;:\\&quot;road.arterial\\&quot;,\\&quot;elementType\\&quot;:\\&quot;labels.icon\\&quot;,\\&quot;stylers\\&quot;:[{\\&quot;visibility\\&quot;:\\&quot;off\\&quot;}]},{\\&quot;featureType\\&quot;:\\&quot;transit\\&quot;,\\&quot;elementType\\&quot;:\\&quot;all\\&quot;,\\&quot;stylers\\&quot;:[{\\&quot;visibility\\&quot;:\\&quot;simplified\\&quot;}]},{\\&quot;featureType\\&quot;:\\&quot;transit.station.airport\\&quot;,\\&quot;elementType\\&quot;:\\&quot;labels.icon\\&quot;,\\&quot;stylers\\&quot;:[{\\&quot;hue\\&quot;:\\&quot;#0a00ff\\&quot;},{\\&quot;saturation\\&quot;:\\&quot;-77\\&quot;},{\\&quot;gamma\\&quot;:\\&quot;0.57\\&quot;},{\\&quot;lightness\\&quot;:\\&quot;0\\&quot;}]},{\\&quot;featureType\\&quot;:\\&quot;transit.station.rail\\&quot;,\\&quot;elementType\\&quot;:\\&quot;labels.text.fill\\&quot;,\\&quot;stylers\\&quot;:[{\\&quot;color\\&quot;:\\&quot;#43321e\\&quot;}]},{\\&quot;featureType\\&quot;:\\&quot;transit.station.rail\\&quot;,\\&quot;elementType\\&quot;:\\&quot;labels.icon\\&quot;,\\&quot;stylers\\&quot;:[{\\&quot;hue\\&quot;:\\&quot;#ff6c00\\&quot;},{\\&quot;lightness\\&quot;:\\&quot;4\\&quot;},{\\&quot;gamma\\&quot;:\\&quot;0.75\\&quot;},{\\&quot;saturation\\&quot;:\\&quot;-68\\&quot;}]},{\\&quot;featureType\\&quot;:\\&quot;water\\&quot;,\\&quot;elementType\\&quot;:\\&quot;all\\&quot;,\\&quot;stylers\\&quot;:[{\\&quot;color\\&quot;:\\&quot;#eaf6f8\\&quot;},{\\&quot;visibility\\&quot;:\\&quot;on\\&quot;}]},{\\&quot;featureType\\&quot;:\\&quot;water\\&quot;,\\&quot;elementType\\&quot;:\\&quot;geometry.fill\\&quot;,\\&quot;stylers\\&quot;:[{\\&quot;color\\&quot;:\\&quot;#c7eced\\&quot;}]},{\\&quot;featureType\\&quot;:\\&quot;water\\&quot;,\\&quot;elementType\\&quot;:\\&quot;labels.text.fill\\&quot;,\\&quot;stylers\\&quot;:[{\\&quot;lightness\\&quot;:\\&quot;-49\\&quot;},{\\&quot;saturation\\&quot;:\\&quot;-53\\&quot;},{\\&quot;gamma\\&quot;:\\&quot;0.79\\&quot;}]}]&quot;,&quot;center&quot;:{&quot;lat&quot;:56.894772,&quot;lng&quot;:24.046}}\" data-markers=\"[{&quot;key&quot;:&quot;270004f&quot;,&quot;latitude&quot;:&quot;56.8947728&quot;,&quot;longitude&quot;:&quot;24.0474485&quot;,&quot;title&quot;:&quot;            &quot;,&quot;desc&quot;:&quot;&lt;p&gt;\\u00a0 \\u00a0 \\u00a0 \\u00a0 Beauty bar&lt;br \\\/&gt;&lt;img class=\\&quot;wp-image-1142 aligncenter\\&quot; src=\\&quot;https:\\\/\\\/beautybar.lv\\\/wp-content\\\/uploads\\\/2023\\\/10\\\/beauty-bar-all-logo-02-\\u2014-\\u043a\\u043e\\u043f\\u0438\\u044f-300x284.png\\&quot; alt=\\&quot;\\&quot; width=\\&quot;59\\&quot; height=\\&quot;56\\&quot; \\\/&gt;&lt;\\\/p&gt;&lt;p&gt;M\\u0101rup\\u012btes gatve 9A&lt;\\\/p&gt;&lt;p&gt;+37126737789&lt;\\\/p&gt;&lt;p&gt;info@beautybar.lv&lt;\\\/p&gt;&quot;,&quot;show_info_window&quot;:&quot;yes&quot;,&quot;load_info_window&quot;:&quot;click&quot;,&quot;marker_additional_details_type&quot;:&quot;default&quot;,&quot;marker_additional_details_default&quot;:&quot;&quot;,&quot;marker_additional_details_template&quot;:null}]\" data-marker-animation=\"soft-beat\" data-iw-max-width=\"240\"><\/div><\/div>\t\t\t\t<\/div>\n\t\t\t\t<\/div>\n\t\t\t\t\t<\/div>\n\t\t<\/div>\n\t\t\t\t\t<\/div>\n\t\t<\/section>\n\t\t\t\t<section class=\"elementor-section elementor-top-section elementor-element elementor-element-dac90d8 elementor-section-boxed elementor-section-height-default elementor-section-height-default\" data-id=\"dac90d8\" data-element_type=\"section\" data-settings=\"{&quot;wdt_bg_image&quot;:{&quot;url&quot;:&quot;&quot;,&quot;id&quot;:&quot;&quot;,&quot;size&quot;:&quot;&quot;},&quot;wdt_bg_image_laptop&quot;:{&quot;url&quot;:&quot;&quot;,&quot;id&quot;:&quot;&quot;,&quot;size&quot;:&quot;&quot;},&quot;wdt_bg_image_tablet_extra&quot;:{&quot;url&quot;:&quot;&quot;,&quot;id&quot;:&quot;&quot;,&quot;size&quot;:&quot;&quot;},&quot;wdt_bg_image_tablet&quot;:{&quot;url&quot;:&quot;&quot;,&quot;id&quot;:&quot;&quot;,&quot;size&quot;:&quot;&quot;},&quot;wdt_bg_image_mobile_extra&quot;:{&quot;url&quot;:&quot;&quot;,&quot;id&quot;:&quot;&quot;,&quot;size&quot;:&quot;&quot;},&quot;wdt_bg_image_mobile&quot;:{&quot;url&quot;:&quot;&quot;,&quot;id&quot;:&quot;&quot;,&quot;size&quot;:&quot;&quot;},&quot;wdt_bg_position&quot;:&quot;center center&quot;,&quot;wdt_animation_effect&quot;:&quot;none&quot;}\">\n\t\t\t\t\t\t<div class=\"elementor-container elementor-column-gap-no\">\n\t\t\t\t\t<div class=\"elementor-column elementor-col-50 elementor-top-column elementor-element elementor-element-296a092 elementor-invisible\" data-id=\"296a092\" data-element_type=\"column\" data-settings=\"{&quot;animation&quot;:&quot;fadeInLeft&quot;}\">\n\t\t\t<div class=\"elementor-widget-wrap elementor-element-populated\">\n\t\t\t\t\t\t<div class=\"elementor-element elementor-element-19460ff elementor-widget elementor-widget-wdt-heading\" data-id=\"19460ff\" data-element_type=\"widget\" data-settings=\"{&quot;wdt_animation_effect&quot;:&quot;none&quot;}\" data-widget_type=\"wdt-heading.default\">\n\t\t\t\t<div class=\"elementor-widget-container\">\n\t\t\t\t\t<div class=\"wdt-heading-holder \" id=\"wdt-heading-19460ff\"><h2 class=\"wdt-heading-title-wrapper wdt-heading-align- wdt-heading-deco-wrapper\"><span class=\"wdt-heading-title\">Kontakti:<\/span><\/h2><\/div>\t\t\t\t<\/div>\n\t\t\t\t<\/div>\n\t\t\t\t<div class=\"elementor-element elementor-element-89aa530 elementor-widget elementor-widget-shortcode\" data-id=\"89aa530\" data-element_type=\"widget\" data-settings=\"{&quot;wdt_animation_effect&quot;:&quot;none&quot;}\" data-widget_type=\"shortcode.default\">\n\t\t\t\t<div class=\"elementor-widget-container\">\n\t\t\t\t\t\t\t<div class=\"elementor-shortcode\"><p class=\"wpcf7-contact-form-not-found\"><strong>\u041e\u0448\u0438\u0431\u043a\u0430:<\/strong> \u041a\u043e\u043d\u0442\u0430\u043a\u0442\u043d\u0430\u044f \u0444\u043e\u0440\u043c\u0430 \u043d\u0435 \u043d\u0430\u0439\u0434\u0435\u043d\u0430.<\/p><\/div>\n\t\t\t\t\t\t<\/div>\n\t\t\t\t<\/div>\n\t\t\t\t\t<\/div>\n\t\t<\/div>\n\t\t\t\t<div class=\"elementor-column elementor-col-50 elementor-top-column elementor-element elementor-element-743544f elementor-invisible\" data-id=\"743544f\" data-element_type=\"column\" data-settings=\"{&quot;animation&quot;:&quot;fadeInRight&quot;}\">\n\t\t\t<div class=\"elementor-widget-wrap elementor-element-populated\">\n\t\t\t\t\t\t<div class=\"elementor-element elementor-element-61e700e elementor-widget elementor-widget-wdt-heading\" data-id=\"61e700e\" data-element_type=\"widget\" data-settings=\"{&quot;wdt_animation_effect&quot;:&quot;none&quot;}\" data-widget_type=\"wdt-heading.default\">\n\t\t\t\t<div class=\"elementor-widget-container\">\n\t\t\t\t\t<div class=\"wdt-heading-holder \" id=\"wdt-heading-61e700e\"><h2 class=\"wdt-heading-title-wrapper wdt-heading-align- wdt-heading-deco-wrapper\"><span class=\"wdt-heading-title\">Beauty Bar<\/span><\/h2><div class=\"wdt-heading-content-wrapper\">Beauty Bar Marup\u0113 - jaun\u0101 skaistumkop\u0161anas osta, kur moderna elegance un person\u012bg\u0101 pieeja apvienojas. M\u016bsu profesion\u0101lais kolekt\u012bvs pied\u0101v\u0101 pla\u0161u pakalpojumu kl\u0101stu, sniedzot neaizmirstamu skaistumkop\u0161anas pieredzi m\u0101j\u012bg\u0101 atmosf\u0113r\u0101 un ar augstv\u0113rt\u012bgiem produktiem. Esam \u0161eit, lai r\u016bp\u0113tos par j\u016bsu skaistumu.\n\n\n\n\n\n<\/div><\/div>\t\t\t\t<\/div>\n\t\t\t\t<\/div>\n\t\t\t\t<div class=\"elementor-element elementor-element-ef5e7f3 elementor-icon-list--layout-inline elementor-widget__width-initial elementor-mobile-align-center elementor-list-item-link-full_width elementor-widget elementor-widget-icon-list\" data-id=\"ef5e7f3\" data-element_type=\"widget\" data-settings=\"{&quot;wdt_animation_effect&quot;:&quot;none&quot;}\" data-widget_type=\"icon-list.default\">\n\t\t\t\t<div class=\"elementor-widget-container\">\n\t\t\t\t\t\t\t<ul class=\"elementor-icon-list-items elementor-inline-items\">\n\t\t\t\t\t\t\t<li class=\"elementor-icon-list-item elementor-inline-item\">\n\t\t\t\t\t\t\t\t\t\t<span class=\"elementor-icon-list-text\"><b>\u0410\u0434\u0440\u0435\u0441:<\/b> M\u0101rup\u012btes gatve 9A, M\u0101rupe, LV-2167<\/span>\n\t\t\t\t\t\t\t\t\t<\/li>\n\t\t\t\t\t\t<\/ul>\n\t\t\t\t\t\t<\/div>\n\t\t\t\t<\/div>\n\t\t\t\t<section class=\"elementor-section elementor-inner-section elementor-element elementor-element-2c68efa elementor-section-full_width elementor-section-height-default elementor-section-height-default\" data-id=\"2c68efa\" data-element_type=\"section\" data-settings=\"{&quot;wdt_bg_image&quot;:{&quot;url&quot;:&quot;&quot;,&quot;id&quot;:&quot;&quot;,&quot;size&quot;:&quot;&quot;},&quot;wdt_bg_image_laptop&quot;:{&quot;url&quot;:&quot;&quot;,&quot;id&quot;:&quot;&quot;,&quot;size&quot;:&quot;&quot;},&quot;wdt_bg_image_tablet_extra&quot;:{&quot;url&quot;:&quot;&quot;,&quot;id&quot;:&quot;&quot;,&quot;size&quot;:&quot;&quot;},&quot;wdt_bg_image_tablet&quot;:{&quot;url&quot;:&quot;&quot;,&quot;id&quot;:&quot;&quot;,&quot;size&quot;:&quot;&quot;},&quot;wdt_bg_image_mobile_extra&quot;:{&quot;url&quot;:&quot;&quot;,&quot;id&quot;:&quot;&quot;,&quot;size&quot;:&quot;&quot;},&quot;wdt_bg_image_mobile&quot;:{&quot;url&quot;:&quot;&quot;,&quot;id&quot;:&quot;&quot;,&quot;size&quot;:&quot;&quot;},&quot;wdt_bg_position&quot;:&quot;center center&quot;,&quot;wdt_animation_effect&quot;:&quot;none&quot;}\">\n\t\t\t\t\t\t<div class=\"elementor-container elementor-column-gap-no\">\n\t\t\t\t\t<div class=\"elementor-column elementor-col-100 elementor-inner-column elementor-element elementor-element-ec27303\" data-id=\"ec27303\" data-element_type=\"column\">\n\t\t\t<div class=\"elementor-widget-wrap elementor-element-populated\">\n\t\t\t\t\t\t<div class=\"elementor-element elementor-element-6cfcf41 elementor-icon-list--layout-inline elementor-widget__width-auto elementor-list-item-link-full_width elementor-widget elementor-widget-icon-list\" data-id=\"6cfcf41\" data-element_type=\"widget\" data-settings=\"{&quot;wdt_animation_effect&quot;:&quot;none&quot;}\" data-widget_type=\"icon-list.default\">\n\t\t\t\t<div class=\"elementor-widget-container\">\n\t\t\t\t\t\t\t<ul class=\"elementor-icon-list-items elementor-inline-items\">\n\t\t\t\t\t\t\t<li class=\"elementor-icon-list-item elementor-inline-item\">\n\t\t\t\t\t\t\t\t\t\t<span class=\"elementor-icon-list-text\"><b>Email<\/b><\/span>\n\t\t\t\t\t\t\t\t\t<\/li>\n\t\t\t\t\t\t\t\t<li class=\"elementor-icon-list-item elementor-inline-item\">\n\t\t\t\t\t\t\t\t\t\t\t<a href=\"mailto:info@examples.com\">\n\n\t\t\t\t\t\t\t\t\t\t\t<span class=\"elementor-icon-list-text\">info@beautybar.lv<\/span>\n\t\t\t\t\t\t\t\t\t\t\t<\/a>\n\t\t\t\t\t\t\t\t\t<\/li>\n\t\t\t\t\t\t<\/ul>\n\t\t\t\t\t\t<\/div>\n\t\t\t\t<\/div>\n\t\t\t\t<div class=\"elementor-element elementor-element-13c0733 elementor-icon-list--layout-inline elementor-widget__width-auto elementor-mobile-align-center elementor-list-item-link-full_width elementor-widget elementor-widget-icon-list\" data-id=\"13c0733\" data-element_type=\"widget\" data-settings=\"{&quot;wdt_animation_effect&quot;:&quot;none&quot;}\" data-widget_type=\"icon-list.default\">\n\t\t\t\t<div class=\"elementor-widget-container\">\n\t\t\t\t\t\t\t<ul class=\"elementor-icon-list-items elementor-inline-items\">\n\t\t\t\t\t\t\t<li class=\"elementor-icon-list-item elementor-inline-item\">\n\t\t\t\t\t\t\t\t\t\t<span class=\"elementor-icon-list-text\"><b>\u0422\u0435\u043b\u0435\u0444\u043e\u043d<\/b><\/span>\n\t\t\t\t\t\t\t\t\t<\/li>\n\t\t\t\t\t\t\t\t<li class=\"elementor-icon-list-item elementor-inline-item\">\n\t\t\t\t\t\t\t\t\t\t\t<a href=\"\">\n\n\t\t\t\t\t\t\t\t\t\t\t<span class=\"elementor-icon-list-text\">+37126737789<\/span>\n\t\t\t\t\t\t\t\t\t\t\t<\/a>\n\t\t\t\t\t\t\t\t\t<\/li>\n\t\t\t\t\t\t<\/ul>\n\t\t\t\t\t\t<\/div>\n\t\t\t\t<\/div>\n\t\t\t\t\t<\/div>\n\t\t<\/div>\n\t\t\t\t\t<\/div>\n\t\t<\/section>\n\t\t\t\t<section class=\"elementor-section elementor-inner-section elementor-element elementor-element-7c99d97 elementor-section-full_width elementor-section-height-default elementor-section-height-default\" data-id=\"7c99d97\" data-element_type=\"section\" data-settings=\"{&quot;wdt_bg_image&quot;:{&quot;url&quot;:&quot;&quot;,&quot;id&quot;:&quot;&quot;,&quot;size&quot;:&quot;&quot;},&quot;wdt_bg_image_laptop&quot;:{&quot;url&quot;:&quot;&quot;,&quot;id&quot;:&quot;&quot;,&quot;size&quot;:&quot;&quot;},&quot;wdt_bg_image_tablet_extra&quot;:{&quot;url&quot;:&quot;&quot;,&quot;id&quot;:&quot;&quot;,&quot;size&quot;:&quot;&quot;},&quot;wdt_bg_image_tablet&quot;:{&quot;url&quot;:&quot;&quot;,&quot;id&quot;:&quot;&quot;,&quot;size&quot;:&quot;&quot;},&quot;wdt_bg_image_mobile_extra&quot;:{&quot;url&quot;:&quot;&quot;,&quot;id&quot;:&quot;&quot;,&quot;size&quot;:&quot;&quot;},&quot;wdt_bg_image_mobile&quot;:{&quot;url&quot;:&quot;&quot;,&quot;id&quot;:&quot;&quot;,&quot;size&quot;:&quot;&quot;},&quot;wdt_bg_position&quot;:&quot;center center&quot;,&quot;wdt_animation_effect&quot;:&quot;none&quot;}\">\n\t\t\t\t\t\t<div class=\"elementor-container elementor-column-gap-no\">\n\t\t\t\t\t<div class=\"elementor-column elementor-col-50 elementor-inner-column elementor-element elementor-element-d9bf36e\" data-id=\"d9bf36e\" data-element_type=\"column\">\n\t\t\t<div class=\"elementor-widget-wrap elementor-element-populated\">\n\t\t\t\t\t\t<div class=\"elementor-element elementor-element-df11c84 elementor-icon-list--layout-inline elementor-widget__width-auto elementor-mobile-align-center elementor-list-item-link-full_width elementor-widget elementor-widget-icon-list\" data-id=\"df11c84\" data-element_type=\"widget\" data-settings=\"{&quot;wdt_animation_effect&quot;:&quot;none&quot;}\" data-widget_type=\"icon-list.default\">\n\t\t\t\t<div class=\"elementor-widget-container\">\n\t\t\t\t\t\t\t<ul class=\"elementor-icon-list-items elementor-inline-items\">\n\t\t\t\t\t\t\t<li class=\"elementor-icon-list-item elementor-inline-item\">\n\t\t\t\t\t\t\t\t\t\t<span class=\"elementor-icon-list-text\"><b>\u0421\u043e\u0446\u0438\u0430\u043b\u044c\u043d\u0430\u044f :<\/b><\/span>\n\t\t\t\t\t\t\t\t\t<\/li>\n\t\t\t\t\t\t<\/ul>\n\t\t\t\t\t\t<\/div>\n\t\t\t\t<\/div>\n\t\t\t\t<div class=\"elementor-element elementor-element-7c963b5 e-grid-align-left e-grid-align-mobile-center e-grid-align-tablet-right e-grid-align-mobile_extra-left elementor-widget__width-auto elementor-shape-rounded elementor-grid-0 elementor-widget elementor-widget-social-icons\" data-id=\"7c963b5\" data-element_type=\"widget\" data-settings=\"{&quot;wdt_animation_effect&quot;:&quot;none&quot;}\" data-widget_type=\"social-icons.default\">\n\t\t\t\t<div class=\"elementor-widget-container\">\n\t\t\t\t\t\t\t<div class=\"elementor-social-icons-wrapper elementor-grid\" role=\"list\">\n\t\t\t\t\t\t\t<span class=\"elementor-grid-item\" role=\"listitem\">\n\t\t\t\t\t<a class=\"elementor-icon elementor-social-icon elementor-social-icon-linkedin elementor-animation-bounce-in elementor-repeater-item-433ae01\" href=\"https:\/\/in.linkedin.com\/\" target=\"_blank\">\n\t\t\t\t\t\t<span class=\"elementor-screen-only\">Linkedin<\/span>\n\t\t\t\t\t\t<i aria-hidden=\"true\" class=\"fab fa-linkedin\"><\/i>\t\t\t\t\t<\/a>\n\t\t\t\t<\/span>\n\t\t\t\t\t\t\t<span class=\"elementor-grid-item\" role=\"listitem\">\n\t\t\t\t\t<a class=\"elementor-icon elementor-social-icon elementor-social-icon-facebook elementor-animation-bounce-in elementor-repeater-item-9499ddc\" href=\"https:\/\/www.facebook.com\/\" target=\"_blank\">\n\t\t\t\t\t\t<span class=\"elementor-screen-only\">Facebook<\/span>\n\t\t\t\t\t\t<i aria-hidden=\"true\" class=\"fab fa-facebook\"><\/i>\t\t\t\t\t<\/a>\n\t\t\t\t<\/span>\n\t\t\t\t\t\t\t<span class=\"elementor-grid-item\" role=\"listitem\">\n\t\t\t\t\t<a class=\"elementor-icon elementor-social-icon elementor-social-icon-instagram elementor-animation-bounce-in elementor-repeater-item-dfab805\" href=\"https:\/\/www.instagram.com\/accounts\/login\/\" target=\"_blank\">\n\t\t\t\t\t\t<span class=\"elementor-screen-only\">Instagram<\/span>\n\t\t\t\t\t\t<i aria-hidden=\"true\" class=\"fab fa-instagram\"><\/i>\t\t\t\t\t<\/a>\n\t\t\t\t<\/span>\n\t\t\t\t\t<\/div>\n\t\t\t\t\t\t<\/div>\n\t\t\t\t<\/div>\n\t\t\t\t\t<\/div>\n\t\t<\/div>\n\t\t\t\t<div class=\"elementor-column elementor-col-50 elementor-inner-column elementor-element elementor-element-fc3b9ac elementor-hidden-desktop elementor-hidden-laptop elementor-hidden-tablet_extra elementor-hidden-tablet elementor-hidden-mobile_extra elementor-hidden-mobile\" data-id=\"fc3b9ac\" data-element_type=\"column\">\n\t\t\t<div class=\"elementor-widget-wrap elementor-element-populated\">\n\t\t\t\t\t\t<div class=\"elementor-element elementor-element-e06f02f elementor-icon-list--layout-inline elementor-widget__width-auto elementor-mobile-align-center elementor-list-item-link-full_width elementor-widget elementor-widget-icon-list\" data-id=\"e06f02f\" data-element_type=\"widget\" data-settings=\"{&quot;wdt_animation_effect&quot;:&quot;none&quot;}\" data-widget_type=\"icon-list.default\">\n\t\t\t\t<div class=\"elementor-widget-container\">\n\t\t\t\t\t\t\t<ul class=\"elementor-icon-list-items elementor-inline-items\">\n\t\t\t\t\t\t\t<li class=\"elementor-icon-list-item elementor-inline-item\">\n\t\t\t\t\t\t\t\t\t\t<span class=\"elementor-icon-list-text\"><b>\u0421\u043e\u0446\u0438\u0430\u043b\u044c\u043d\u0430\u044f :<\/b><\/span>\n\t\t\t\t\t\t\t\t\t<\/li>\n\t\t\t\t\t\t<\/ul>\n\t\t\t\t\t\t<\/div>\n\t\t\t\t<\/div>\n\t\t\t\t<div class=\"elementor-element elementor-element-3718425 e-grid-align-left e-grid-align-mobile-center e-grid-align-tablet-right e-grid-align-mobile_extra-left elementor-widget__width-auto elementor-shape-rounded elementor-grid-0 elementor-widget elementor-widget-social-icons\" data-id=\"3718425\" data-element_type=\"widget\" data-settings=\"{&quot;wdt_animation_effect&quot;:&quot;none&quot;}\" data-widget_type=\"social-icons.default\">\n\t\t\t\t<div class=\"elementor-widget-container\">\n\t\t\t\t\t\t\t<div class=\"elementor-social-icons-wrapper elementor-grid\" role=\"list\">\n\t\t\t\t\t\t\t<span class=\"elementor-grid-item\" role=\"listitem\">\n\t\t\t\t\t<a class=\"elementor-icon elementor-social-icon elementor-social-icon-linkedin elementor-animation-bounce-in elementor-repeater-item-433ae01\" href=\"https:\/\/in.linkedin.com\/\" target=\"_blank\">\n\t\t\t\t\t\t<span class=\"elementor-screen-only\">Linkedin<\/span>\n\t\t\t\t\t\t<i aria-hidden=\"true\" class=\"fab fa-linkedin\"><\/i>\t\t\t\t\t<\/a>\n\t\t\t\t<\/span>\n\t\t\t\t\t\t\t<span class=\"elementor-grid-item\" role=\"listitem\">\n\t\t\t\t\t<a class=\"elementor-icon elementor-social-icon elementor-social-icon-facebook elementor-animation-bounce-in elementor-repeater-item-9499ddc\" href=\"https:\/\/www.facebook.com\/\" target=\"_blank\">\n\t\t\t\t\t\t<span class=\"elementor-screen-only\">Facebook<\/span>\n\t\t\t\t\t\t<i aria-hidden=\"true\" class=\"fab fa-facebook\"><\/i>\t\t\t\t\t<\/a>\n\t\t\t\t<\/span>\n\t\t\t\t\t\t\t<span class=\"elementor-grid-item\" role=\"listitem\">\n\t\t\t\t\t<a class=\"elementor-icon elementor-social-icon elementor-social-icon-instagram elementor-animation-bounce-in elementor-repeater-item-dfab805\" href=\"https:\/\/www.instagram.com\/accounts\/login\/\" target=\"_blank\">\n\t\t\t\t\t\t<span class=\"elementor-screen-only\">Instagram<\/span>\n\t\t\t\t\t\t<i aria-hidden=\"true\" class=\"fab fa-instagram\"><\/i>\t\t\t\t\t<\/a>\n\t\t\t\t<\/span>\n\t\t\t\t\t<\/div>\n\t\t\t\t\t\t<\/div>\n\t\t\t\t<\/div>\n\t\t\t\t\t<\/div>\n\t\t<\/div>\n\t\t\t\t\t<\/div>\n\t\t<\/section>\n\t\t\t\t\t<\/div>\n\t\t<\/div>\n\t\t\t\t\t<\/div>\n\t\t<\/section>\n\t\t\t\t<\/div>\n\t\t","protected":false},"excerpt":{"rendered":"<p>Kontakti: Beauty Bar Beauty Bar Marup\u0113 &#8212; jaun\u0101 skaistumkop\u0161anas osta, kur moderna elegance un person\u012bg\u0101 pieeja apvienojas. M\u016bsu profesion\u0101lais kolekt\u012bvs pied\u0101v\u0101 pla\u0161u pakalpojumu kl\u0101stu, sniedzot neaizmirstamu skaistumkop\u0161anas pieredzi m\u0101j\u012bg\u0101 atmosf\u0113r\u0101 un ar augstv\u0113rt\u012bgiem produktiem. Esam \u0161eit, lai r\u016bp\u0113tos par j\u016bsu skaistumu. \u0410\u0434\u0440\u0435\u0441: M\u0101rup\u012btes gatve 9A, M\u0101rupe, LV-2167 Email info@beautybar.lv \u0422\u0435\u043b\u0435\u0444\u043e\u043d +37126737789 \u0421\u043e\u0446\u0438\u0430\u043b\u044c\u043d\u0430\u044f : Linkedin Facebook [&hellip;]<\/p>\n","protected":false},"author":1,"featured_media":0,"parent":0,"menu_order":0,"comment_status":"closed","ping_status":"closed","template":"elementor_header_footer","meta":{"footnotes":""},"class_list":["post-2743","page","type-page","status-publish","hentry"],"aioseo_notices":[],"_wp_attachment_metadata":null,"_wp_attachment_image_alt":null,"featured_media_src_url":null,"_links":{"self":[{"href":"https:\/\/beautybar.lv\/ru\/wp-json\/wp\/v2\/pages\/2743","targetHints":{"allow":["GET"]}}],"collection":[{"href":"https:\/\/beautybar.lv\/ru\/wp-json\/wp\/v2\/pages"}],"about":[{"href":"https:\/\/beautybar.lv\/ru\/wp-json\/wp\/v2\/types\/page"}],"author":[{"embeddable":true,"href":"https:\/\/beautybar.lv\/ru\/wp-json\/wp\/v2\/users\/1"}],"replies":[{"embeddable":true,"href":"https:\/\/beautybar.lv\/ru\/wp-json\/wp\/v2\/comments?post=2743"}],"version-history":[{"count":0,"href":"https:\/\/beautybar.lv\/ru\/wp-json\/wp\/v2\/pages\/2743\/revisions"}],"wp:attachment":[{"href":"https:\/\/beautybar.lv\/ru\/wp-json\/wp\/v2\/media?parent=2743"}],"curies":[{"name":"wp","href":"https:\/\/api.w.org\/{rel}","templated":true}]}}